{"id":195,"date":"2020-10-08T11:36:54","date_gmt":"2020-10-08T09:36:54","guid":{"rendered":"https:\/\/haddad-boyer.fr\/?page_id=195"},"modified":"2020-12-02T21:53:51","modified_gmt":"2020-12-02T20:53:51","slug":"pour-qui","status":"publish","type":"page","link":"https:\/\/haddad-boyer.fr\/?page_id=195","title":{"rendered":"pour qui?"},"content":{"rendered":"<p>[et_pb_section fb_built=\u00a0\u00bb1&Prime; _builder_version=\u00a0\u00bb4.6.5&Prime; _module_preset=\u00a0\u00bbdefault\u00a0\u00bb custom_padding=\u00a0\u00bb0px||0px||true|false\u00a0\u00bb locked=\u00a0\u00bboff\u00a0\u00bb][et_pb_row column_structure=\u00a0\u00bb1_4,1_2,1_4&Prime; use_custom_gutter=\u00a0\u00bbon\u00a0\u00bb gutter_width=\u00a0\u00bb1&Prime; make_equal=\u00a0\u00bbon\u00a0\u00bb _builder_version=\u00a0\u00bb4.6.5&Prime; _module_preset=\u00a0\u00bbdefault\u00a0\u00bb width=\u00a0\u00bb100%\u00a0\u00bb min_height=\u00a0\u00bb40vh\u00a0\u00bb custom_margin=\u00a0\u00bb0px||0px||true|false\u00a0\u00bb custom_padding=\u00a0\u00bb0px||0px||true|false\u00a0\u00bb locked=\u00a0\u00bboff\u00a0\u00bb][et_pb_column type=\u00a0\u00bb1_4&Prime; module_class=\u00a0\u00bbhover_home\u00a0\u00bb disabled_on=\u00a0\u00bbon|on|off\u00a0\u00bb _builder_version=\u00a0\u00bb4.6.5&Prime; _module_preset=\u00a0\u00bbdefault\u00a0\u00bb custom_padding=\u00a0\u00bb||||true|true\u00a0\u00bb custom_css_main_element=\u00a0\u00bbdisplay:flex;||flex-direction:column;||justify-content:center;||align-items:center;\u00a0\u00bb border_color_top=\u00a0\u00bb#853175&Prime; border_width_right=\u00a0\u00bb1px\u00a0\u00bb border_color_right=\u00a0\u00bbrgba(0,0,0,0.19)\u00a0\u00bb border_color_bottom=\u00a0\u00bb#853175&Prime; border_width_top__hover_enabled=\u00a0\u00bbon|hover\u00a0\u00bb border_width_all__hover_enabled=\u00a0\u00bbon|hover\u00a0\u00bb border_width_bottom__hover=\u00a0\u00bb0px\u00a0\u00bb border_width_bottom__hover_enabled=\u00a0\u00bbon|hover\u00a0\u00bb border_width_right__hover=\u00a0\u00bb1px\u00a0\u00bb border_width_right__hover_enabled=\u00a0\u00bbon|hover\u00a0\u00bb border_width_top__hover=\u00a0\u00bb6px\u00a0\u00bb][et_pb_image src=\u00a0\u00bbhttp:\/\/haddad-boyer.fr\/wp-content\/uploads\/2020\/10\/kisspng-computer-icons-tiny-house-movement-5b38108e382cc3.0367630215304009102301.png\u00a0\u00bb title_text=\u00a0\u00bbkisspng-computer-icons-tiny-house-movement-5b38108e382cc3.0367630215304009102301&Prime; align=\u00a0\u00bbcenter\u00a0\u00bb _builder_version=\u00a0\u00bb4.6.5&Prime; _module_preset=\u00a0\u00bbdefault\u00a0\u00bb max_width=\u00a0\u00bb5%\u00a0\u00bb custom_margin=\u00a0\u00bb||20px||false|false\u00a0\u00bb locked=\u00a0\u00bboff\u00a0\u00bb][\/et_pb_image][et_pb_text module_class=\u00a0\u00bbquincy_home\u00a0\u00bb _builder_version=\u00a0\u00bb4.6.5&Prime; _dynamic_attributes=\u00a0\u00bblink_option_url\u00a0\u00bb _module_preset=\u00a0\u00bbdefault\u00a0\u00bb header_5_font=\u00a0\u00bbCantora One|||on|||||\u00a0\u00bb header_5_text_color=\u00a0\u00bb#853175&Prime; header_5_font_size=\u00a0\u00bb25px\u00a0\u00bb header_6_font=\u00a0\u00bbCantora One||||||||\u00a0\u00bb header_6_text_color=\u00a0\u00bb#853175&Prime; header_6_font_size=\u00a0\u00bb16px\u00a0\u00bb link_option_url=\u00a0\u00bb@ET-DC@eyJkeW5hbWljIjp0cnVlLCJjb250ZW50IjoiaG9tZV91cmwiLCJzZXR0aW5ncyI6e319@\u00a0\u00bb hover_enabled=\u00a0\u00bb0&Prime; locked=\u00a0\u00bboff\u00a0\u00bb header_5_font_size__hover_enabled=\u00a0\u00bbon|hover\u00a0\u00bb sticky_enabled=\u00a0\u00bb0&Prime;]<\/p>\n<h5 style=\"text-align: center;\"><strong>HADDAD<\/strong><\/h5>\n<h5 style=\"text-align: center;\">BOYER<\/h5>\n<h6 style=\"text-align: center;\"><strong>&amp; associ\u00e9s<\/strong><\/h6>\n<p>[\/et_pb_text][\/et_pb_column][et_pb_column type=\u00a0\u00bb1_2&Prime; _builder_version=\u00a0\u00bb4.6.5&Prime; _module_preset=\u00a0\u00bbdefault\u00a0\u00bb custom_padding=\u00a0\u00bb||||true|true\u00a0\u00bb border_color_right=\u00a0\u00bbrgba(0,0,0,0.24)\u00a0\u00bb border_width_top__hover_enabled=\u00a0\u00bbon|hover\u00a0\u00bb][et_pb_text _builder_version=\u00a0\u00bb4.6.5&Prime; _module_preset=\u00a0\u00bbdefault\u00a0\u00bb text_font=\u00a0\u00bbCantora One||||||||\u00a0\u00bb text_text_color=\u00a0\u00bb#8300e9&Prime; header_font=\u00a0\u00bbCantora One|||on|||||\u00a0\u00bb header_text_align=\u00a0\u00bbleft\u00a0\u00bb header_text_color=\u00a0\u00bb#853175&Prime; header_font_size=\u00a0\u00bb22px\u00a0\u00bb custom_margin=\u00a0\u00bb40px||30px|0px|false|false\u00a0\u00bb custom_padding=\u00a0\u00bb||10px|30px|false|false\u00a0\u00bb custom_css_main_element=\u00a0\u00bbwidth:fit-content;\u00a0\u00bb border_color_all=\u00a0\u00bbrgba(0,0,0,0.21)\u00a0\u00bb border_width_bottom=\u00a0\u00bb1px\u00a0\u00bb]<\/p>\n<h1 style=\"text-align: left;\">nos clients<\/h1>\n<p>[\/et_pb_text][et_pb_tabs active_tab_background_color=\u00a0\u00bb#ffffff\u00a0\u00bb inactive_tab_background_color=\u00a0\u00bbrgba(0,0,0,0.16)\u00a0\u00bb active_tab_text_color=\u00a0\u00bb#853175&Prime; _builder_version=\u00a0\u00bb4.6.5&Prime; _module_preset=\u00a0\u00bbdefault\u00a0\u00bb tab_text_color=\u00a0\u00bb#000000&Prime; body_font=\u00a0\u00bbOpen Sans||||||||\u00a0\u00bb tab_font=\u00a0\u00bbCantora One||||||||\u00a0\u00bb vertical_offset=\u00a0\u00bb-118px\u00a0\u00bb horizontal_offset=\u00a0\u00bb-6px\u00a0\u00bb custom_margin=\u00a0\u00bb||20px||false|false\u00a0\u00bb border_width_right=\u00a0\u00bb0px\u00a0\u00bb border_width_bottom=\u00a0\u00bb0px\u00a0\u00bb border_width_left=\u00a0\u00bb0px\u00a0\u00bb][et_pb_tab title=\u00a0\u00bbclients\u00a0\u00bb _builder_version=\u00a0\u00bb4.6.5&Prime; _module_preset=\u00a0\u00bbdefault\u00a0\u00bb body_text_color=\u00a0\u00bb#000000&Prime; tab_font=\u00a0\u00bbCantora One|||on|||||\u00a0\u00bb tab_text_color=\u00a0\u00bb#853175&Prime;]<\/p>\n<h4>TRAVAILLER ENSEMBLE<\/h4>\n<p>Nos clients sont chefs d\u2019entreprises, commer\u00e7ants, cr\u00e9ateurs de projets, investisseurs, professions lib\u00e9rales, artisans, employeurs, contribuables, gestionnaires de leur patrimoine, chefs de famille, cadres dirigeants. Comme nous, ils ont des clients, des fournisseurs, des contraintes, des objectifs.<span>\u00a0<\/span><strong>Ils ont en commun l\u2019envie d\u2019entreprendre, le soucis de s\u00e9curiser leur projet, la proximit\u00e9 de leurs \u00e9quipes, le besoin d\u2019\u00e9changer, le go\u00fbt de travailler ensemble<\/strong>.<\/p>\n<p>[\/et_pb_tab][\/et_pb_tabs][\/et_pb_column][et_pb_column type=\u00a0\u00bb1_4&Prime; _builder_version=\u00a0\u00bb4.6.5&Prime; _module_preset=\u00a0\u00bbdefault\u00a0\u00bb][\/et_pb_column][\/et_pb_row][\/et_pb_section][et_pb_section fb_built=\u00a0\u00bb1&Prime; _builder_version=\u00a0\u00bb4.6.5&Prime; _module_preset=\u00a0\u00bbdefault\u00a0\u00bb background_enable_image=\u00a0\u00bboff\u00a0\u00bb background_size=\u00a0\u00bbcontain\u00a0\u00bb background_position=\u00a0\u00bbcenter_right\u00a0\u00bb custom_padding=\u00a0\u00bb0px||0px||true|false\u00a0\u00bb locked=\u00a0\u00bboff\u00a0\u00bb][et_pb_row column_structure=\u00a0\u00bb1_4,1_4,1_2&Prime; use_custom_gutter=\u00a0\u00bbon\u00a0\u00bb gutter_width=\u00a0\u00bb1&Prime; make_equal=\u00a0\u00bbon\u00a0\u00bb _builder_version=\u00a0\u00bb4.6.5&Prime; _module_preset=\u00a0\u00bbdefault\u00a0\u00bb z_index=\u00a0\u00bb2&Prime; width=\u00a0\u00bb100%\u00a0\u00bb custom_margin=\u00a0\u00bb0px||0px||true|false\u00a0\u00bb custom_padding=\u00a0\u00bb0px||0px||true|false\u00a0\u00bb][et_pb_column type=\u00a0\u00bb1_4&Prime; _builder_version=\u00a0\u00bb4.6.5&Prime; _module_preset=\u00a0\u00bbdefault\u00a0\u00bb background_color=\u00a0\u00bb#EFEFEF\u00a0\u00bb background_enable_image=\u00a0\u00bboff\u00a0\u00bb custom_css_main_element=\u00a0\u00bbdisplay:flex;||flex-direction:column;||justify-content:center;||align-items:center;\u00a0\u00bb border_width_right=\u00a0\u00bb1px\u00a0\u00bb border_color_right=\u00a0\u00bbrgba(51,51,51,0.4)\u00a0\u00bb][\/et_pb_column][et_pb_column type=\u00a0\u00bb1_4&Prime; _builder_version=\u00a0\u00bb4.6.5&Prime; _module_preset=\u00a0\u00bbdefault\u00a0\u00bb background_color=\u00a0\u00bb#EFEFEF\u00a0\u00bb background_enable_image=\u00a0\u00bboff\u00a0\u00bb background_position=\u00a0\u00bbbottom_center\u00a0\u00bb custom_padding=\u00a0\u00bb17vh|2vw|17vh|2vw|true|true\u00a0\u00bb custom_css_main_element=\u00a0\u00bbdisplay:flex;||flex-direction:column;||justify-content:center;||align-items:center;\u00a0\u00bb][\/et_pb_column][et_pb_column type=\u00a0\u00bb1_2&Prime; _builder_version=\u00a0\u00bb4.6.5&Prime; _module_preset=\u00a0\u00bbdefault\u00a0\u00bb][et_pb_image src=\u00a0\u00bbhttp:\/\/haddad-boyer.fr\/wp-content\/uploads\/2020\/10\/pourqui_visuel02.jpg\u00a0\u00bb title_text=\u00a0\u00bbpourqui_visuel02&Prime; force_fullwidth=\u00a0\u00bbon\u00a0\u00bb _builder_version=\u00a0\u00bb4.6.5&Prime; _module_preset=\u00a0\u00bbdefault\u00a0\u00bb][\/et_pb_image][\/et_pb_column][\/et_pb_row][et_pb_row column_structure=\u00a0\u00bb1_4,1_4,1_4,1_4&Prime; use_custom_gutter=\u00a0\u00bbon\u00a0\u00bb gutter_width=\u00a0\u00bb1&Prime; make_equal=\u00a0\u00bbon\u00a0\u00bb _builder_version=\u00a0\u00bb4.6.5&Prime; _module_preset=\u00a0\u00bbdefault\u00a0\u00bb positioning=\u00a0\u00bbabsolute\u00a0\u00bb width=\u00a0\u00bb100%\u00a0\u00bb height=\u00a0\u00bb40vh\u00a0\u00bb custom_margin=\u00a0\u00bb0px||0px||true|false\u00a0\u00bb custom_padding=\u00a0\u00bb0px||0px||true|false\u00a0\u00bb][et_pb_column type=\u00a0\u00bb1_4&Prime; _builder_version=\u00a0\u00bb4.6.5&Prime; _module_preset=\u00a0\u00bbdefault\u00a0\u00bb background_color=\u00a0\u00bb#ffffff\u00a0\u00bb background_enable_image=\u00a0\u00bboff\u00a0\u00bb border_width_right=\u00a0\u00bb1px\u00a0\u00bb border_color_right=\u00a0\u00bbrgba(51,51,51,0.39)\u00a0\u00bb][\/et_pb_column][et_pb_column type=\u00a0\u00bb1_4&Prime; _builder_version=\u00a0\u00bb4.6.5&Prime; _module_preset=\u00a0\u00bbdefault\u00a0\u00bb background_image=\u00a0\u00bbhttp:\/\/haddad-boyer.fr\/wp-content\/uploads\/2020\/10\/pourqui_visuel01.jpg\u00a0\u00bb][\/et_pb_column][et_pb_column type=\u00a0\u00bb1_4&Prime; _builder_version=\u00a0\u00bb4.6.5&Prime; _module_preset=\u00a0\u00bbdefault\u00a0\u00bb background_color=\u00a0\u00bb#853175&Prime; custom_padding=\u00a0\u00bb11vh|2vw|11vh|2vw|true|true\u00a0\u00bb custom_css_main_element=\u00a0\u00bbdisplay:flex;||flex-direction:column;||justify-content:center;||align-items:center;\u00a0\u00bb][et_pb_text _builder_version=\u00a0\u00bb4.6.5&Prime; _module_preset=\u00a0\u00bbdefault\u00a0\u00bb header_3_font=\u00a0\u00bbCantora One|||on|||||\u00a0\u00bb header_3_text_color=\u00a0\u00bb#853175&Prime; header_4_font=\u00a0\u00bbCantora One|||on|||||\u00a0\u00bb header_4_text_color=\u00a0\u00bb#ffffff\u00a0\u00bb header_4_font_size=\u00a0\u00bb25px\u00a0\u00bb custom_padding=\u00a0\u00bb||10px||false|true\u00a0\u00bb custom_css_main_element=\u00a0\u00bbwidth:fit-content;\u00a0\u00bb border_color_bottom=\u00a0\u00bb#6200ad\u00a0\u00bb locked=\u00a0\u00bboff\u00a0\u00bb]<\/p>\n<h4 style=\"text-align: center;\"><strong>pr\u00e8s de<\/strong><\/h4>\n<p>[\/et_pb_text][et_pb_text _builder_version=\u00a0\u00bb4.6.5&Prime; _module_preset=\u00a0\u00bbdefault\u00a0\u00bb header_2_font=\u00a0\u00bbCantora One||||||||\u00a0\u00bb header_2_text_color=\u00a0\u00bb#ffffff\u00a0\u00bb header_2_font_size=\u00a0\u00bb72px\u00a0\u00bb custom_padding=\u00a0\u00bb||||true|true\u00a0\u00bb locked=\u00a0\u00bboff\u00a0\u00bb]<\/p>\n<h2 style=\"text-align: center;\">750<\/h2>\n<p>[\/et_pb_text][et_pb_text _builder_version=\u00a0\u00bb4.6.5&Prime; _module_preset=\u00a0\u00bbdefault\u00a0\u00bb header_3_font=\u00a0\u00bbCantora One|||on|||||\u00a0\u00bb header_3_text_color=\u00a0\u00bb#853175&Prime; header_4_font=\u00a0\u00bbCantora One|||on|||||\u00a0\u00bb header_4_text_color=\u00a0\u00bb#ffffff\u00a0\u00bb header_4_font_size=\u00a0\u00bb16px\u00a0\u00bb custom_padding=\u00a0\u00bb10px||||false|true\u00a0\u00bb custom_css_main_element=\u00a0\u00bbwidth:fit-content;\u00a0\u00bb border_color_bottom=\u00a0\u00bb#6200ad\u00a0\u00bb locked=\u00a0\u00bboff\u00a0\u00bb]<\/p>\n<h4 style=\"text-align: center;\">clients nous<\/h4>\n<h4 style=\"text-align: center;\">font confiance<\/h4>\n<p>[\/et_pb_text][\/et_pb_column][et_pb_column type=\u00a0\u00bb1_4&Prime; _builder_version=\u00a0\u00bb4.6.5&Prime; _module_preset=\u00a0\u00bbdefault\u00a0\u00bb background_color=\u00a0\u00bbrgba(0,0,0,0)\u00a0\u00bb background_enable_image=\u00a0\u00bboff\u00a0\u00bb][\/et_pb_column][\/et_pb_row][\/et_pb_section]<\/p>\n","protected":false},"excerpt":{"rendered":"<p>[et_pb_section fb_built=\u00a0\u00bb1&Prime; _builder_version=\u00a0\u00bb4.6.5&Prime; _module_preset=\u00a0\u00bbdefault\u00a0\u00bb custom_padding=\u00a0\u00bb0px||0px||true|false\u00a0\u00bb locked=\u00a0\u00bboff\u00a0\u00bb][et_pb_row column_structure=\u00a0\u00bb1_4,1_2,1_4&Prime; use_custom_gutter=\u00a0\u00bbon\u00a0\u00bb gutter_width=\u00a0\u00bb1&Prime; make_equal=\u00a0\u00bbon\u00a0\u00bb _builder_version=\u00a0\u00bb4.6.5&Prime; _module_preset=\u00a0\u00bbdefault\u00a0\u00bb width=\u00a0\u00bb100%\u00a0\u00bb min_height=\u00a0\u00bb40vh\u00a0\u00bb custom_margin=\u00a0\u00bb0px||0px||true|false\u00a0\u00bb custom_padding=\u00a0\u00bb0px||0px||true|false\u00a0\u00bb locked=\u00a0\u00bboff\u00a0\u00bb][et_pb_column type=\u00a0\u00bb1_4&Prime; module_class=\u00a0\u00bbhover_home\u00a0\u00bb disabled_on=\u00a0\u00bbon|on|off\u00a0\u00bb _builder_version=\u00a0\u00bb4.6.5&Prime; _module_preset=\u00a0\u00bbdefault\u00a0\u00bb custom_padding=\u00a0\u00bb||||true|true\u00a0\u00bb custom_css_main_element=\u00a0\u00bbdisplay:flex;||flex-direction:column;||justify-content:center;||align-items:center;\u00a0\u00bb border_color_top=\u00a0\u00bb#853175&Prime; border_width_right=\u00a0\u00bb1px\u00a0\u00bb border_color_right=\u00a0\u00bbrgba(0,0,0,0.19)\u00a0\u00bb border_color_bottom=\u00a0\u00bb#853175&Prime; border_width_top__hover_enabled=\u00a0\u00bbon|hover\u00a0\u00bb border_width_all__hover_enabled=\u00a0\u00bbon|hover\u00a0\u00bb border_width_bottom__hover=\u00a0\u00bb0px\u00a0\u00bb border_width_bottom__hover_enabled=\u00a0\u00bbon|hover\u00a0\u00bb border_width_right__hover=\u00a0\u00bb1px\u00a0\u00bb border_width_right__hover_enabled=\u00a0\u00bbon|hover\u00a0\u00bb border_width_top__hover=\u00a0\u00bb6px\u00a0\u00bb][et_pb_image src=\u00a0\u00bbhttp:\/\/haddad-boyer.fr\/wp-content\/uploads\/2020\/10\/kisspng-computer-icons-tiny-house-movement-5b38108e382cc3.0367630215304009102301.png\u00a0\u00bb title_text=\u00a0\u00bbkisspng-computer-icons-tiny-house-movement-5b38108e382cc3.0367630215304009102301&Prime; align=\u00a0\u00bbcenter\u00a0\u00bb _builder_version=\u00a0\u00bb4.6.5&Prime; _module_preset=\u00a0\u00bbdefault\u00a0\u00bb max_width=\u00a0\u00bb5%\u00a0\u00bb custom_margin=\u00a0\u00bb||20px||false|false\u00a0\u00bb locked=\u00a0\u00bboff\u00a0\u00bb][\/et_pb_image][et_pb_text module_class=\u00a0\u00bbquincy_home\u00a0\u00bb _builder_version=\u00a0\u00bb4.6.5&Prime; _dynamic_attributes=\u00a0\u00bblink_option_url\u00a0\u00bb _module_preset=\u00a0\u00bbdefault\u00a0\u00bb header_5_font=\u00a0\u00bbCantora One|||on|||||\u00a0\u00bb header_5_text_color=\u00a0\u00bb#853175&Prime; header_5_font_size=\u00a0\u00bb25px\u00a0\u00bb header_6_font=\u00a0\u00bbCantora One||||||||\u00a0\u00bb header_6_text_color=\u00a0\u00bb#853175&Prime; header_6_font_size=\u00a0\u00bb16px\u00a0\u00bb [&hellip;]<\/p>\n","protected":false},"author":1,"featured_media":0,"parent":0,"menu_order":0,"comment_status":"closed","ping_status":"closed","template":"","meta":{"_et_pb_use_builder":"on","_et_pb_old_content":"<!-- wp:divi\/placeholder \/-->","_et_gb_content_width":""},"_links":{"self":[{"href":"https:\/\/haddad-boyer.fr\/index.php?rest_route=\/wp\/v2\/pages\/195"}],"collection":[{"href":"https:\/\/haddad-boyer.fr\/index.php?rest_route=\/wp\/v2\/pages"}],"about":[{"href":"https:\/\/haddad-boyer.fr\/index.php?rest_route=\/wp\/v2\/types\/page"}],"author":[{"embeddable":true,"href":"https:\/\/haddad-boyer.fr\/index.php?rest_route=\/wp\/v2\/users\/1"}],"replies":[{"embeddable":true,"href":"https:\/\/haddad-boyer.fr\/index.php?rest_route=%2Fwp%2Fv2%2Fcomments&post=195"}],"version-history":[{"count":1,"href":"https:\/\/haddad-boyer.fr\/index.php?rest_route=\/wp\/v2\/pages\/195\/revisions"}],"predecessor-version":[{"id":1304,"href":"https:\/\/haddad-boyer.fr\/index.php?rest_route=\/wp\/v2\/pages\/195\/revisions\/1304"}],"wp:attachment":[{"href":"https:\/\/haddad-boyer.fr\/index.php?rest_route=%2Fwp%2Fv2%2Fmedia&parent=195"}],"curies":[{"name":"wp","href":"https:\/\/api.w.org\/{rel}","templated":true}]}}