{"id":197,"date":"2020-10-08T11:37:14","date_gmt":"2020-10-08T09:37:14","guid":{"rendered":"https:\/\/haddad-boyer.fr\/?page_id=197"},"modified":"2020-12-02T21:58:06","modified_gmt":"2020-12-02T20:58:06","slug":"quoi","status":"publish","type":"page","link":"https:\/\/haddad-boyer.fr\/?page_id=197","title":{"rendered":"quoi?"},"content":{"rendered":"<p>[et_pb_section fb_built=\u00a0\u00bb1&Prime; _builder_version=\u00a0\u00bb4.6.5&Prime; _module_preset=\u00a0\u00bbdefault\u00a0\u00bb custom_padding=\u00a0\u00bb0px||0px||true|false\u00a0\u00bb locked=\u00a0\u00bboff\u00a0\u00bb][et_pb_row column_structure=\u00a0\u00bb1_4,1_2,1_4&Prime; use_custom_gutter=\u00a0\u00bbon\u00a0\u00bb gutter_width=\u00a0\u00bb1&Prime; make_equal=\u00a0\u00bbon\u00a0\u00bb disabled_on=\u00a0\u00bboff|off|off\u00a0\u00bb _builder_version=\u00a0\u00bb4.6.5&Prime; _module_preset=\u00a0\u00bbdefault\u00a0\u00bb width=\u00a0\u00bb100%\u00a0\u00bb min_height=\u00a0\u00bb40vh\u00a0\u00bb custom_margin=\u00a0\u00bb0px||0px||true|false\u00a0\u00bb custom_padding=\u00a0\u00bb0px||0px||true|false\u00a0\u00bb locked=\u00a0\u00bboff\u00a0\u00bb][et_pb_column type=\u00a0\u00bb1_4&Prime; module_class=\u00a0\u00bbhover_home\u00a0\u00bb disabled_on=\u00a0\u00bbon|on|off\u00a0\u00bb _builder_version=\u00a0\u00bb4.6.5&Prime; _module_preset=\u00a0\u00bbdefault\u00a0\u00bb custom_padding=\u00a0\u00bb||||true|true\u00a0\u00bb custom_css_main_element=\u00a0\u00bbdisplay:flex;||flex-direction:column;||justify-content:center;||align-items:center;\u00a0\u00bb border_color_top=\u00a0\u00bb#853175&Prime; border_width_right=\u00a0\u00bb1px\u00a0\u00bb border_color_right=\u00a0\u00bbrgba(0,0,0,0.19)\u00a0\u00bb border_color_bottom=\u00a0\u00bb#853175&Prime; border_width_top__hover_enabled=\u00a0\u00bbon|hover\u00a0\u00bb border_width_all__hover_enabled=\u00a0\u00bbon|hover\u00a0\u00bb border_width_bottom__hover_enabled=\u00a0\u00bbon|hover\u00a0\u00bb border_width_bottom__hover=\u00a0\u00bb0px\u00a0\u00bb border_width_right__hover=\u00a0\u00bb1px\u00a0\u00bb border_width_right__hover_enabled=\u00a0\u00bbon|hover\u00a0\u00bb border_width_top__hover=\u00a0\u00bb6px\u00a0\u00bb][et_pb_image src=\u00a0\u00bbhttp:\/\/haddad-boyer.fr\/wp-content\/uploads\/2020\/10\/kisspng-computer-icons-tiny-house-movement-5b38108e382cc3.0367630215304009102301.png\u00a0\u00bb title_text=\u00a0\u00bbkisspng-computer-icons-tiny-house-movement-5b38108e382cc3.0367630215304009102301&Prime; align=\u00a0\u00bbcenter\u00a0\u00bb _builder_version=\u00a0\u00bb4.6.5&Prime; _module_preset=\u00a0\u00bbdefault\u00a0\u00bb max_width=\u00a0\u00bb5%\u00a0\u00bb custom_margin=\u00a0\u00bb||20px||false|false\u00a0\u00bb locked=\u00a0\u00bboff\u00a0\u00bb][\/et_pb_image][et_pb_text module_class=\u00a0\u00bbquincy_home\u00a0\u00bb _builder_version=\u00a0\u00bb4.6.5&Prime; _dynamic_attributes=\u00a0\u00bblink_option_url\u00a0\u00bb _module_preset=\u00a0\u00bbdefault\u00a0\u00bb header_5_font=\u00a0\u00bbCantora One|||on|||||\u00a0\u00bb header_5_text_color=\u00a0\u00bb#853175&Prime; header_5_font_size=\u00a0\u00bb25px\u00a0\u00bb header_6_font=\u00a0\u00bbCantora One||||||||\u00a0\u00bb header_6_text_color=\u00a0\u00bb#853175&Prime; header_6_font_size=\u00a0\u00bb16px\u00a0\u00bb link_option_url=\u00a0\u00bb@ET-DC@eyJkeW5hbWljIjp0cnVlLCJjb250ZW50IjoiaG9tZV91cmwiLCJzZXR0aW5ncyI6e319@\u00a0\u00bb locked=\u00a0\u00bboff\u00a0\u00bb header_5_font_size__hover_enabled=\u00a0\u00bbon|hover\u00a0\u00bb]<\/p>\n<h5 style=\"text-align: center;\"><strong>HADDAD\u00a0<\/strong><\/h5>\n<h5 style=\"text-align: center;\"><strong>BOYER<\/strong><\/h5>\n<h6 style=\"text-align: center;\"><strong>&amp; associ\u00e9s<\/strong><\/h6>\n<p>[\/et_pb_text][\/et_pb_column][et_pb_column type=\u00a0\u00bb1_2&Prime; _builder_version=\u00a0\u00bb4.6.5&Prime; _module_preset=\u00a0\u00bbdefault\u00a0\u00bb custom_padding=\u00a0\u00bb||||true|true\u00a0\u00bb border_width_right=\u00a0\u00bb1px\u00a0\u00bb border_color_right=\u00a0\u00bbrgba(0,0,0,0.24)\u00a0\u00bb border_width_top__hover_enabled=\u00a0\u00bbon|hover\u00a0\u00bb][et_pb_text _builder_version=\u00a0\u00bb4.6.5&Prime; _module_preset=\u00a0\u00bbdefault\u00a0\u00bb text_font=\u00a0\u00bbCantora One||||||||\u00a0\u00bb text_text_color=\u00a0\u00bb#8300e9&Prime; header_font=\u00a0\u00bbCantora One|||on|||||\u00a0\u00bb header_text_align=\u00a0\u00bbleft\u00a0\u00bb header_text_color=\u00a0\u00bb#853175&Prime; header_font_size=\u00a0\u00bb22px\u00a0\u00bb custom_margin=\u00a0\u00bb40px||30px|0px|false|false\u00a0\u00bb custom_padding=\u00a0\u00bb||10px|30px|false|false\u00a0\u00bb custom_css_main_element=\u00a0\u00bbwidth:fit-content;\u00a0\u00bb border_color_all=\u00a0\u00bbrgba(0,0,0,0.21)\u00a0\u00bb border_width_bottom=\u00a0\u00bb1px\u00a0\u00bb]<\/p>\n<h1 style=\"text-align: left;\">domaines d&rsquo;activit\u00e9<\/h1>\n<p>[\/et_pb_text][et_pb_tabs active_tab_background_color=\u00a0\u00bb#ffffff\u00a0\u00bb inactive_tab_background_color=\u00a0\u00bbrgba(0,0,0,0.16)\u00a0\u00bb active_tab_text_color=\u00a0\u00bb#853175&Prime; _builder_version=\u00a0\u00bb4.6.5&Prime; _module_preset=\u00a0\u00bbdefault\u00a0\u00bb tab_text_color=\u00a0\u00bbrgba(0,0,0,0.35)\u00a0\u00bb body_font=\u00a0\u00bbOpen Sans||||||||\u00a0\u00bb tab_font=\u00a0\u00bbCantora One|||on|||||\u00a0\u00bb vertical_offset=\u00a0\u00bb-118px\u00a0\u00bb horizontal_offset=\u00a0\u00bb-6px\u00a0\u00bb custom_margin=\u00a0\u00bb||20px||false|false\u00a0\u00bb border_width_right=\u00a0\u00bb0px\u00a0\u00bb border_width_bottom=\u00a0\u00bb0px\u00a0\u00bb border_width_left=\u00a0\u00bb0px\u00a0\u00bb][et_pb_tab title=\u00a0\u00bbDroit des affaires &#8211; droit des soci\u00e9t\u00e9s\u00a0\u00bb _builder_version=\u00a0\u00bb4.6.5&Prime; _module_preset=\u00a0\u00bbdefault\u00a0\u00bb]<\/p>\n<h4>NOTRE ACTION<\/h4>\n<p><strong>Notre cabinet est \u00e0 vos c\u00f4t\u00e9s dans toutes les \u00e9tapes de la vie de votre entreprise, sa cr\u00e9ation, son d\u00e9veloppement, sa transmission.<\/strong><span>\u00a0<\/span>\u00c0 tous les stades, les choix sont nombreux et vous engagent (forme sociale, statut du dirigeant\u2026). Nous vous assistons dans la constitution de votre soci\u00e9t\u00e9, pour l\u2019achat ou la vente de votre fonds de commerce, pour la signature d\u2019un bail commercial. Nous assurons le suivi juridique et les actes courants (assembl\u00e9es g\u00e9n\u00e9rales, modifications statutaires). Nous accompagnons votre d\u00e9veloppement (acquisitions, cessions d\u2019entreprises, fusions, audits juridiques). Nous vous aidons \u00e0 organiser votre patrimoine professionnel par la constitution de soci\u00e9t\u00e9s holdings et le suivi des groupes de soci\u00e9t\u00e9s.<\/p>\n<p>[\/et_pb_tab][et_pb_tab title=\u00a0\u00bbProfessions lib\u00e9rales\u00a0\u00bb _builder_version=\u00a0\u00bb4.6.5&Prime; _module_preset=\u00a0\u00bbdefault\u00a0\u00bb]<\/p>\n<h4>NOTRE ACTION<\/h4>\n<p>Nous sommes sensibles aux besoins sp\u00e9cifiques des professions lib\u00e9rales.<span>\u00a0<\/span><strong>Nous avons d\u00e9velopp\u00e9 un savoir-faire dans l\u2019accompagnement des projets, le rapprochement des professionnels, la cr\u00e9ation de structures d\u2019exercices, l\u2019achat ou la cession de client\u00e8le.<\/strong><\/p>\n<p>Nous intervenons dans le domaine m\u00e9dical mais \u00e9galement aupr\u00e8s des professions juridiques et des autres professions lib\u00e9rales. Nous g\u00e9rons avec vous les relations avec les Ordres Professionnels ainsi que les d\u00e9marches aupr\u00e8s des instances de tutelle. Nous vous aidons \u00e0 r\u00e9soudre les conflits d\u2019associ\u00e9s et le cas \u00e9ch\u00e9ant, nous vous assistons en cas de s\u00e9paration ou de rupture d\u2019association. Nous vous aidons dans vos n\u00e9gociations contractuelles et dans l\u2019organisation de votre patrimoine immobilier professionnel ou personnel.<\/p>\n<p>[\/et_pb_tab][et_pb_tab title=\u00a0\u00bbDroit social\u00a0\u00bb _builder_version=\u00a0\u00bb4.6.5&Prime; _module_preset=\u00a0\u00bbdefault\u00a0\u00bb]<\/p>\n<h4>NOTRE ACTION<\/h4>\n<p>Le cabinet vous accompagne et vous conseille dans<span>\u00a0<\/span><strong>la mise en \u0153uvre des actes juridiques en lien avec le droit du travail<\/strong><span>\u00a0<\/span>(\u00e9tablissement des contrats de travail, proc\u00e9dures de rupture de contrat de travail, accords collectifs d\u2019entreprise, organisation des \u00e9lections des repr\u00e9sentants du personnel, r\u00e8glement int\u00e9rieur, accord de participation, accord d\u2019int\u00e9ressement).<\/p>\n<p><strong>Nous sommes \u00e0 vos c\u00f4t\u00e9s \u00e9galement dans la gestion de vos contentieux prud\u2019homaux<\/strong><span>\u00a0<\/span>(repr\u00e9sentation de l\u2019entreprise devant les diff\u00e9rentes juridictions sur toute la France, conseil de prud\u2019hommes, tribunal des affaires de s\u00e9curit\u00e9 sociale, cour d\u2019appel) et aussi les juridictions r\u00e9pressives (juridiction de proximit\u00e9, tribunal de police, tribunal correctionnel) pour les infractions relatives au droit du\u00a0 travail). Nous pouvons \u00e9galement former vos \u00e9quipes dans le cadre de modules sp\u00e9cifiques et personnalis\u00e9s (formations intra ou inter-entreprises). Nous r\u00e9alisons enfin pour vous des audits de conformit\u00e9 ou de diagnostic social dans le cadre de la gestion de votre entreprise ou dans le cadre de projet d\u2019acquisition.<\/p>\n<p>[\/et_pb_tab][\/et_pb_tabs][\/et_pb_column][et_pb_column type=\u00a0\u00bb1_4&Prime; _builder_version=\u00a0\u00bb4.6.5&Prime; _module_preset=\u00a0\u00bbdefault\u00a0\u00bb][\/et_pb_column][\/et_pb_row][\/et_pb_section][et_pb_section fb_built=\u00a0\u00bb1&Prime; _builder_version=\u00a0\u00bb4.6.5&Prime; _module_preset=\u00a0\u00bbdefault\u00a0\u00bb background_enable_image=\u00a0\u00bboff\u00a0\u00bb custom_padding=\u00a0\u00bb0px||0px||true|false\u00a0\u00bb locked=\u00a0\u00bboff\u00a0\u00bb][et_pb_row column_structure=\u00a0\u00bb1_4,1_2,1_4&Prime; use_custom_gutter=\u00a0\u00bbon\u00a0\u00bb gutter_width=\u00a0\u00bb1&Prime; disabled_on=\u00a0\u00bboff|off|off\u00a0\u00bb _builder_version=\u00a0\u00bb4.6.5&Prime; _module_preset=\u00a0\u00bbdefault\u00a0\u00bb positioning=\u00a0\u00bbnone\u00a0\u00bb width=\u00a0\u00bb100%\u00a0\u00bb custom_margin=\u00a0\u00bb0px||0px||true|false\u00a0\u00bb custom_padding=\u00a0\u00bb0px||0px||true|false\u00a0\u00bb][et_pb_column type=\u00a0\u00bb1_4&Prime; _builder_version=\u00a0\u00bb4.6.5&Prime; _module_preset=\u00a0\u00bbdefault\u00a0\u00bb background_color=\u00a0\u00bb#ffffff\u00a0\u00bb background_enable_image=\u00a0\u00bboff\u00a0\u00bb custom_padding=\u00a0\u00bb||||true|false\u00a0\u00bb][et_pb_image src=\u00a0\u00bbhttp:\/\/haddad-boyer.fr\/wp-content\/uploads\/2020\/10\/quoi_visuel02.jpg\u00a0\u00bb title_text=\u00a0\u00bbquoi_visuel02&Prime; _builder_version=\u00a0\u00bb4.6.5&Prime; _module_preset=\u00a0\u00bbdefault\u00a0\u00bb][\/et_pb_image][\/et_pb_column][et_pb_column type=\u00a0\u00bb1_2&Prime; disabled_on=\u00a0\u00bbon|on|off\u00a0\u00bb _builder_version=\u00a0\u00bb4.6.5&Prime; _module_preset=\u00a0\u00bbdefault\u00a0\u00bb background_color=\u00a0\u00bbrgba(0,0,0,0)\u00a0\u00bb background_enable_image=\u00a0\u00bboff\u00a0\u00bb][et_pb_image src=\u00a0\u00bbhttp:\/\/haddad-boyer.fr\/wp-content\/uploads\/2020\/10\/quoi_visuel01.jpg\u00a0\u00bb title_text=\u00a0\u00bbquoi_visuel01&Prime; force_fullwidth=\u00a0\u00bbon\u00a0\u00bb _builder_version=\u00a0\u00bb4.6.5&Prime; _module_preset=\u00a0\u00bbdefault\u00a0\u00bb positioning=\u00a0\u00bbrelative\u00a0\u00bb][\/et_pb_image][\/et_pb_column][et_pb_column type=\u00a0\u00bb1_4&Prime; _builder_version=\u00a0\u00bb4.6.5&Prime; _module_preset=\u00a0\u00bbdefault\u00a0\u00bb background_color=\u00a0\u00bb#853175&Prime; background_enable_image=\u00a0\u00bboff\u00a0\u00bb background_position=\u00a0\u00bbbottom_center\u00a0\u00bb positioning=\u00a0\u00bbabsolute\u00a0\u00bb vertical_offset=\u00a0\u00bb50%\u00a0\u00bb horizontal_offset=\u00a0\u00bb25%\u00a0\u00bb position_origin_a_tablet=\u00a0\u00bb\u00a0\u00bb position_origin_a_phone=\u00a0\u00bb\u00a0\u00bb position_origin_a_last_edited=\u00a0\u00bbon|desktop\u00a0\u00bb position_origin_f_tablet=\u00a0\u00bb\u00a0\u00bb position_origin_f_phone=\u00a0\u00bb\u00a0\u00bb position_origin_f_last_edited=\u00a0\u00bbon|desktop\u00a0\u00bb position_origin_r_tablet=\u00a0\u00bb\u00a0\u00bb position_origin_r_phone=\u00a0\u00bb\u00a0\u00bb position_origin_r_last_edited=\u00a0\u00bbon|desktop\u00a0\u00bb custom_padding=\u00a0\u00bb11vh|2vw|11vh|2vw|true|true\u00a0\u00bb positioning_tablet=\u00a0\u00bbnone\u00a0\u00bb positioning_phone=\u00a0\u00bb\u00a0\u00bb positioning_last_edited=\u00a0\u00bbon|tablet\u00a0\u00bb custom_css_main_element=\u00a0\u00bbdisplay:flex;||flex-direction:column;||justify-content:center;||align-items:center;||bottom:0 !important;\u00a0\u00bb][et_pb_text _builder_version=\u00a0\u00bb4.6.5&Prime; _module_preset=\u00a0\u00bbdefault\u00a0\u00bb header_2_font=\u00a0\u00bbCantora One||||||||\u00a0\u00bb header_2_text_color=\u00a0\u00bb#ffffff\u00a0\u00bb header_2_font_size=\u00a0\u00bb72px\u00a0\u00bb custom_padding=\u00a0\u00bb||||true|true\u00a0\u00bb locked=\u00a0\u00bboff\u00a0\u00bb]<\/p>\n<h2 style=\"text-align: center;\">90 000<\/h2>\n<p>[\/et_pb_text][et_pb_text _builder_version=\u00a0\u00bb4.6.5&Prime; _module_preset=\u00a0\u00bbdefault\u00a0\u00bb header_3_font=\u00a0\u00bbCantora One|||on|||||\u00a0\u00bb header_3_text_color=\u00a0\u00bb#853175&Prime; header_4_font=\u00a0\u00bbCantora One|||on|||||\u00a0\u00bb header_4_text_color=\u00a0\u00bb#ffffff\u00a0\u00bb header_4_font_size=\u00a0\u00bb16px\u00a0\u00bb custom_padding=\u00a0\u00bb10px||||false|true\u00a0\u00bb custom_css_main_element=\u00a0\u00bbwidth:fit-content;\u00a0\u00bb border_color_bottom=\u00a0\u00bb#6200ad\u00a0\u00bb locked=\u00a0\u00bboff\u00a0\u00bb]<\/p>\n<h4 style=\"text-align: center;\">par an<\/h4>\n<p>[\/et_pb_text][et_pb_text _builder_version=\u00a0\u00bb4.6.5&Prime; _module_preset=\u00a0\u00bbdefault\u00a0\u00bb header_3_font=\u00a0\u00bbCantora One|||on|||||\u00a0\u00bb header_3_text_color=\u00a0\u00bb#853175&Prime; header_4_font=\u00a0\u00bbCantora One|||on|||||\u00a0\u00bb header_4_text_color=\u00a0\u00bb#ffffff\u00a0\u00bb header_4_font_size=\u00a0\u00bb25px\u00a0\u00bb custom_padding=\u00a0\u00bb||10px||false|true\u00a0\u00bb custom_css_main_element=\u00a0\u00bbwidth:fit-content;\u00a0\u00bb border_color_bottom=\u00a0\u00bb#6200ad\u00a0\u00bb locked=\u00a0\u00bboff\u00a0\u00bb]<\/p>\n<h4 style=\"text-align: center;\"><strong>pr\u00e8s de<\/strong><\/h4>\n<p>[\/et_pb_text][\/et_pb_column][\/et_pb_row][\/et_pb_section]<\/p>\n","protected":false},"excerpt":{"rendered":"<p>[et_pb_section fb_built=\u00a0\u00bb1&Prime; _builder_version=\u00a0\u00bb4.6.5&Prime; _module_preset=\u00a0\u00bbdefault\u00a0\u00bb custom_padding=\u00a0\u00bb0px||0px||true|false\u00a0\u00bb locked=\u00a0\u00bboff\u00a0\u00bb][et_pb_row column_structure=\u00a0\u00bb1_4,1_2,1_4&Prime; use_custom_gutter=\u00a0\u00bbon\u00a0\u00bb gutter_width=\u00a0\u00bb1&Prime; make_equal=\u00a0\u00bbon\u00a0\u00bb disabled_on=\u00a0\u00bboff|off|off\u00a0\u00bb _builder_version=\u00a0\u00bb4.6.5&Prime; _module_preset=\u00a0\u00bbdefault\u00a0\u00bb width=\u00a0\u00bb100%\u00a0\u00bb min_height=\u00a0\u00bb40vh\u00a0\u00bb custom_margin=\u00a0\u00bb0px||0px||true|false\u00a0\u00bb custom_padding=\u00a0\u00bb0px||0px||true|false\u00a0\u00bb locked=\u00a0\u00bboff\u00a0\u00bb][et_pb_column type=\u00a0\u00bb1_4&Prime; module_class=\u00a0\u00bbhover_home\u00a0\u00bb disabled_on=\u00a0\u00bbon|on|off\u00a0\u00bb _builder_version=\u00a0\u00bb4.6.5&Prime; _module_preset=\u00a0\u00bbdefault\u00a0\u00bb custom_padding=\u00a0\u00bb||||true|true\u00a0\u00bb custom_css_main_element=\u00a0\u00bbdisplay:flex;||flex-direction:column;||justify-content:center;||align-items:center;\u00a0\u00bb border_color_top=\u00a0\u00bb#853175&Prime; border_width_right=\u00a0\u00bb1px\u00a0\u00bb border_color_right=\u00a0\u00bbrgba(0,0,0,0.19)\u00a0\u00bb border_color_bottom=\u00a0\u00bb#853175&Prime; border_width_top__hover_enabled=\u00a0\u00bbon|hover\u00a0\u00bb border_width_all__hover_enabled=\u00a0\u00bbon|hover\u00a0\u00bb border_width_bottom__hover_enabled=\u00a0\u00bbon|hover\u00a0\u00bb border_width_bottom__hover=\u00a0\u00bb0px\u00a0\u00bb border_width_right__hover=\u00a0\u00bb1px\u00a0\u00bb border_width_right__hover_enabled=\u00a0\u00bbon|hover\u00a0\u00bb border_width_top__hover=\u00a0\u00bb6px\u00a0\u00bb][et_pb_image src=\u00a0\u00bbhttp:\/\/haddad-boyer.fr\/wp-content\/uploads\/2020\/10\/kisspng-computer-icons-tiny-house-movement-5b38108e382cc3.0367630215304009102301.png\u00a0\u00bb title_text=\u00a0\u00bbkisspng-computer-icons-tiny-house-movement-5b38108e382cc3.0367630215304009102301&Prime; align=\u00a0\u00bbcenter\u00a0\u00bb _builder_version=\u00a0\u00bb4.6.5&Prime; _module_preset=\u00a0\u00bbdefault\u00a0\u00bb max_width=\u00a0\u00bb5%\u00a0\u00bb custom_margin=\u00a0\u00bb||20px||false|false\u00a0\u00bb locked=\u00a0\u00bboff\u00a0\u00bb][\/et_pb_image][et_pb_text module_class=\u00a0\u00bbquincy_home\u00a0\u00bb _builder_version=\u00a0\u00bb4.6.5&Prime; _dynamic_attributes=\u00a0\u00bblink_option_url\u00a0\u00bb _module_preset=\u00a0\u00bbdefault\u00a0\u00bb header_5_font=\u00a0\u00bbCantora One|||on|||||\u00a0\u00bb header_5_text_color=\u00a0\u00bb#853175&Prime; header_5_font_size=\u00a0\u00bb25px\u00a0\u00bb header_6_font=\u00a0\u00bbCantora One||||||||\u00a0\u00bb header_6_text_color=\u00a0\u00bb#853175&Prime; [&hellip;]<\/p>\n","protected":false},"author":1,"featured_media":0,"parent":0,"menu_order":0,"comment_status":"closed","ping_status":"closed","template":"","meta":{"_et_pb_use_builder":"on","_et_pb_old_content":"<!-- wp:divi\/placeholder \/-->","_et_gb_content_width":""},"_links":{"self":[{"href":"https:\/\/haddad-boyer.fr\/index.php?rest_route=\/wp\/v2\/pages\/197"}],"collection":[{"href":"https:\/\/haddad-boyer.fr\/index.php?rest_route=\/wp\/v2\/pages"}],"about":[{"href":"https:\/\/haddad-boyer.fr\/index.php?rest_route=\/wp\/v2\/types\/page"}],"author":[{"embeddable":true,"href":"https:\/\/haddad-boyer.fr\/index.php?rest_route=\/wp\/v2\/users\/1"}],"replies":[{"embeddable":true,"href":"https:\/\/haddad-boyer.fr\/index.php?rest_route=%2Fwp%2Fv2%2Fcomments&post=197"}],"version-history":[{"count":1,"href":"https:\/\/haddad-boyer.fr\/index.php?rest_route=\/wp\/v2\/pages\/197\/revisions"}],"predecessor-version":[{"id":1308,"href":"https:\/\/haddad-boyer.fr\/index.php?rest_route=\/wp\/v2\/pages\/197\/revisions\/1308"}],"wp:attachment":[{"href":"https:\/\/haddad-boyer.fr\/index.php?rest_route=%2Fwp%2Fv2%2Fmedia&parent=197"}],"curies":[{"name":"wp","href":"https:\/\/api.w.org\/{rel}","templated":true}]}}